{"id":35,"date":"2013-10-23T15:51:52","date_gmt":"2013-10-23T15:51:52","guid":{"rendered":"https:\/\/192.168.0.154\/las15arrobas\/?page_id=35"},"modified":"2024-05-29T10:15:10","modified_gmt":"2024-05-29T10:15:10","slug":"asi-somos","status":"publish","type":"page","link":"https:\/\/las15arrobas.com\/?page_id=35","title":{"rendered":"As\u00ed somos"},"content":{"rendered":"<h3>As\u00ed Somos<\/h3>\n<div class='fotorama--wp' data-nav='thumbs'data-height='350px'data-transition='crossfade'data-loop='true'data-autoplay='3000'data-navposition='left'data-size='large'data-ids='485,517,506,502'data-link='file'data-itemtag='dl'data-icontag='dt'data-captiontag='dd'data-columns='0'data-width='683'data-auto='false'data-max-width='100%'data-ratio='0.6669921875'>\n\t\t<style type=\"text\/css\">\n\t\t\t#gallery-1 {\n\t\t\t\tmargin: auto;\n\t\t\t}\n\t\t\t#gallery-1 .gallery-item {\n\t\t\t\tfloat: left;\n\t\t\t\tmargin-top: 10px;\n\t\t\t\ttext-align: center;\n\t\t\t\twidth: 100%;\n\t\t\t}\n\t\t\t#gallery-1 img {\n\t\t\t\tborder: 2px solid #cfcfcf;\n\t\t\t}\n\t\t\t#gallery-1 .gallery-caption {\n\t\t\t\tmargin-left: 0;\n\t\t\t}\n\t\t\t\/* see gallery_shortcode() in wp-includes\/media.php *\/\n\t\t<\/style>\n\t\t<div id='gallery-1' class='gallery galleryid-35 gallery-columns-0 gallery-size-thumbnail'><dl class='gallery-item'>\n\t\t\t<dt class='gallery-icon portrait'>\n\t\t\t\t<a href='https:\/\/las15arrobas.com\/wp-content\/uploads\/2024\/05\/DSC8642-683x1024.jpg' data-full='https:\/\/las15arrobas.com\/wp-content\/uploads\/2024\/05\/DSC8642-scaled.jpg'><img loading=\"lazy\" decoding=\"async\" width=\"150\" height=\"150\" src=\"https:\/\/las15arrobas.com\/wp-content\/uploads\/2024\/05\/DSC8642-150x150.jpg\" class=\"attachment-thumbnail size-thumbnail\" alt=\"\" srcset=\"https:\/\/las15arrobas.com\/wp-content\/uploads\/2024\/05\/DSC8642-150x150.jpg 150w, https:\/\/las15arrobas.com\/wp-content\/uploads\/2024\/05\/DSC8642-400x400.jpg 400w, https:\/\/las15arrobas.com\/wp-content\/uploads\/2024\/05\/DSC8642-82x82.jpg 82w, https:\/\/las15arrobas.com\/wp-content\/uploads\/2024\/05\/DSC8642-420x420.jpg 420w\" sizes=\"auto, (max-width: 150px) 100vw, 150px\" \/><\/a>\n\t\t\t<\/dt><\/dl><dl class='gallery-item'>\n\t\t\t<dt class='gallery-icon portrait'>\n\t\t\t\t<a href='https:\/\/las15arrobas.com\/wp-content\/uploads\/2024\/05\/DSC_1936-Mejorado-NR-757x1024.jpg' data-full='https:\/\/las15arrobas.com\/wp-content\/uploads\/2024\/05\/DSC_1936-Mejorado-NR-scaled.jpg'><img loading=\"lazy\" decoding=\"async\" width=\"150\" height=\"150\" src=\"https:\/\/las15arrobas.com\/wp-content\/uploads\/2024\/05\/DSC_1936-Mejorado-NR-150x150.jpg\" class=\"attachment-thumbnail size-thumbnail\" alt=\"\" srcset=\"https:\/\/las15arrobas.com\/wp-content\/uploads\/2024\/05\/DSC_1936-Mejorado-NR-150x150.jpg 150w, https:\/\/las15arrobas.com\/wp-content\/uploads\/2024\/05\/DSC_1936-Mejorado-NR-400x400.jpg 400w, https:\/\/las15arrobas.com\/wp-content\/uploads\/2024\/05\/DSC_1936-Mejorado-NR-82x82.jpg 82w, https:\/\/las15arrobas.com\/wp-content\/uploads\/2024\/05\/DSC_1936-Mejorado-NR-420x420.jpg 420w\" sizes=\"auto, (max-width: 150px) 100vw, 150px\" \/><\/a>\n\t\t\t<\/dt><\/dl><dl class='gallery-item'>\n\t\t\t<dt class='gallery-icon portrait'>\n\t\t\t\t<a href='https:\/\/las15arrobas.com\/wp-content\/uploads\/2024\/05\/DSC_1864-Mejorado-NR-683x1024.jpg' data-full='https:\/\/las15arrobas.com\/wp-content\/uploads\/2024\/05\/DSC_1864-Mejorado-NR-scaled.jpg'><img loading=\"lazy\" decoding=\"async\" width=\"150\" height=\"150\" src=\"https:\/\/las15arrobas.com\/wp-content\/uploads\/2024\/05\/DSC_1864-Mejorado-NR-150x150.jpg\" class=\"attachment-thumbnail size-thumbnail\" alt=\"\" srcset=\"https:\/\/las15arrobas.com\/wp-content\/uploads\/2024\/05\/DSC_1864-Mejorado-NR-150x150.jpg 150w, https:\/\/las15arrobas.com\/wp-content\/uploads\/2024\/05\/DSC_1864-Mejorado-NR-400x400.jpg 400w, https:\/\/las15arrobas.com\/wp-content\/uploads\/2024\/05\/DSC_1864-Mejorado-NR-82x82.jpg 82w, https:\/\/las15arrobas.com\/wp-content\/uploads\/2024\/05\/DSC_1864-Mejorado-NR-420x420.jpg 420w\" sizes=\"auto, (max-width: 150px) 100vw, 150px\" \/><\/a>\n\t\t\t<\/dt><\/dl><dl class='gallery-item'>\n\t\t\t<dt class='gallery-icon portrait'>\n\t\t\t\t<a href='https:\/\/las15arrobas.com\/wp-content\/uploads\/2024\/05\/DSC_1718-683x1024.jpg' data-full='https:\/\/las15arrobas.com\/wp-content\/uploads\/2024\/05\/DSC_1718-scaled.jpg'><img loading=\"lazy\" decoding=\"async\" width=\"150\" height=\"150\" src=\"https:\/\/las15arrobas.com\/wp-content\/uploads\/2024\/05\/DSC_1718-150x150.jpg\" class=\"attachment-thumbnail size-thumbnail\" alt=\"\" srcset=\"https:\/\/las15arrobas.com\/wp-content\/uploads\/2024\/05\/DSC_1718-150x150.jpg 150w, https:\/\/las15arrobas.com\/wp-content\/uploads\/2024\/05\/DSC_1718-400x400.jpg 400w, https:\/\/las15arrobas.com\/wp-content\/uploads\/2024\/05\/DSC_1718-82x82.jpg 82w, https:\/\/las15arrobas.com\/wp-content\/uploads\/2024\/05\/DSC_1718-420x420.jpg 420w\" sizes=\"auto, (max-width: 150px) 100vw, 150px\" \/><\/a>\n\t\t\t<\/dt><\/dl>\n\t\t<\/div>\n<\/div>\n<div id=\"asisomos\">\n<h3 style=\"margin-top: 20px;\">Quince Arrobas: un mes\u00f3n de aut\u00e9ntico ib\u00e9rico en Jerez de la Frontera<\/h3>\n<p>Con el esp\u00edritu de Montesierra con m\u00e1s de 35 a\u00f1os apostando por la calidad y el servicio, presentamos Quince Arrobas. Se trata de un moderno mes\u00f3n con la mejor cocina basada en cerdo ib\u00e9rico con el jam\u00f3n como protagonista. Podr\u00e1 encontrar carnes de la mejor calidad cocinadas de diferentes formas, as\u00ed como platos t\u00edpicos de la tierra elaborados con los mejores ingredientes.<\/p>\n<p>Adem\u00e1s, junto al mes\u00f3n encontrar\u00e1 una nueva Tienda Gourmet Montesierra, donde encontrar\u00e1 todos nuestros productos ib\u00e9ricos frescos y curados al mismo precio que en la f\u00e1brica a 2 minutos del centro de Jerez.<\/p>\n<h4>Todo con el compromiso de calidad que solo puede ofrecer Montesierra como fabricante. Desc\u00fabranos.<\/h4>\n<\/div>\n","protected":false},"excerpt":{"rendered":"<p>As\u00ed Somos Quince Arrobas: un mes\u00f3n de aut\u00e9ntico ib\u00e9rico en Jerez de la Frontera Con el esp\u00edritu de Montesierra con m\u00e1s de 35 a\u00f1os apostando por la calidad y el servicio, presentamos Quince Arrobas. Se trata de un moderno mes\u00f3n con la mejor cocina basada en cerdo ib\u00e9rico con el jam\u00f3n como protagonista. Podr\u00e1 encontrar [&hellip;]<\/p>\n","protected":false},"author":1,"featured_media":0,"parent":0,"menu_order":0,"comment_status":"open","ping_status":"open","template":"","meta":{"footnotes":""},"class_list":["post-35","page","type-page","status-publish","hentry"],"_links":{"self":[{"href":"https:\/\/las15arrobas.com\/index.php?rest_route=\/wp\/v2\/pages\/35","targetHints":{"allow":["GET"]}}],"collection":[{"href":"https:\/\/las15arrobas.com\/index.php?rest_route=\/wp\/v2\/pages"}],"about":[{"href":"https:\/\/las15arrobas.com\/index.php?rest_route=\/wp\/v2\/types\/page"}],"author":[{"embeddable":true,"href":"https:\/\/las15arrobas.com\/index.php?rest_route=\/wp\/v2\/users\/1"}],"replies":[{"embeddable":true,"href":"https:\/\/las15arrobas.com\/index.php?rest_route=%2Fwp%2Fv2%2Fcomments&post=35"}],"version-history":[{"count":19,"href":"https:\/\/las15arrobas.com\/index.php?rest_route=\/wp\/v2\/pages\/35\/revisions"}],"predecessor-version":[{"id":536,"href":"https:\/\/las15arrobas.com\/index.php?rest_route=\/wp\/v2\/pages\/35\/revisions\/536"}],"wp:attachment":[{"href":"https:\/\/las15arrobas.com\/index.php?rest_route=%2Fwp%2Fv2%2Fmedia&parent=35"}],"curies":[{"name":"wp","href":"https:\/\/api.w.org\/{rel}","templated":true}]}}