{"id":433,"date":"2018-07-27T10:27:34","date_gmt":"2018-07-27T10:27:34","guid":{"rendered":"https:\/\/las15arrobas.com\/?page_id=433"},"modified":"2023-07-21T07:46:49","modified_gmt":"2023-07-21T07:46:49","slug":"cookies","status":"publish","type":"page","link":"https:\/\/las15arrobas.com\/?page_id=433","title":{"rendered":"COOKIES"},"content":{"rendered":"<p><strong><em><u>DEFINICI\u00d3N DE COOKIES.<\/u><\/em><\/strong><\/p>\n<p><em>Una cookie es un fichero que se descarga en su ordenador al acceder a determinadas p\u00e1ginas web. Las cookies permiten a una p\u00e1gina web, entre otras cosas, almacenar y recuperar informaci\u00f3n sobre los h\u00e1bitos de navegaci\u00f3n de un usuario o de su equipo y, dependiendo de la informaci\u00f3n que contengan y de la forma en que utilice su equipo, pueden utilizarse para reconocer al usuario. <\/em><\/p>\n<p><em>La web de MONTESIERRA, S.A. utiliza cookies propias y de terceros, todas en el dominio <strong>\u201clas15arrobas.com\u201d<\/strong><\/em><\/p>\n<p><em><u>A.- TIPOS DE COOKIES. <\/u><\/em><\/p>\n<p><em><u>1.- Tipos de cookies, seg\u00fan la entidad que las gestione:<\/u><\/em><\/p>\n<p><em><u>a) Cookies Propias: <\/u><\/em><em>son aquellas que se env\u00edan al equipo terminal del usuario desde un equipo o dominio gestionado por el propio editor y desde el que se presta el servicio solicitado por el usuario.<\/em><\/p>\n<p><em><u>b) Cookies de terceros:<\/u><\/em><em> Son aquellas que se env\u00edan al equipo terminal del usuario desde un equipo o dominio que no es gestionado por el editor, sino por otra entidad que trata los datos obtenidos a trav\u00e9s de las cookies.<\/em><\/p>\n<p><em><u>2.- Tipos de cookies, seg\u00fan su finalidad:<\/u><\/em><\/p>\n<p><em><u>a) Cookies T\u00e9cnicas:<\/u><\/em><em> Son aquellas que permiten al usuario la navegaci\u00f3n a trav\u00e9s de la p\u00e1gina web, plataforma o aplicaci\u00f3n y la utilizaci\u00f3n de las diferentes opciones o servicios que en ella existen.<\/em><\/p>\n<p><em><u>b) Cookies de An\u00e1lisis:<\/u><\/em><em> Son aquellas que permiten al responsable de estas, el seguimiento y an\u00e1lisis del comportamiento de los usuarios de los sitios web a los que est\u00e1n vinculadas.<\/em><\/p>\n<p><em><u>c) Cookies de personalizaci\u00f3n:<\/u><\/em><em> Estas cookies almacenan informaci\u00f3n del comportamiento del usuario obtenida a trav\u00e9s del registro de sus h\u00e1bitos de navegaci\u00f3n, lo que permite desarrollar un perfil espec\u00edfico para ofrecer informaci\u00f3n comercial adaptada a sus gustos y preferencias. Almacenan informaci\u00f3n como el tipo de conexi\u00f3n, idioma, patrones de navegaci\u00f3n o ubicaci\u00f3n.<\/em><\/p>\n<p><em><u>d) Cookies de publicidad comportamental:<\/u><\/em><em> Son aquellas que almacenan informaci\u00f3n del comportamiento de los usuarios obtenida a trav\u00e9s de la observaci\u00f3n continuada de sus h\u00e1bitos de navegaci\u00f3n, lo que permite desarrollar un perfil espec\u00edfico para mostrar publicidad en funci\u00f3n de este.<\/em><\/p>\n<p><em><u>3.-Tipos de cookies, seg\u00fan el plazo de tiempo de tiempo que permanecen activadas:<\/u><\/em><\/p>\n<p><em><u>a) Cookies de Sesi\u00f3n:<\/u><\/em><em> Son las dise\u00f1adas para recabar y almacenar datos mientras el usuario accede a una p\u00e1gina web. Se suelen emplear para la prestaci\u00f3n del servicio solicitado por el usuario en una sola ocasi\u00f3n.<\/em><\/p>\n<p><em><u>b) Cookies Persistentes:<\/u><\/em><em> Son las dise\u00f1adas para que los datos sigan almacenados en el terminal y pueden ser accedidos y tratados durante un periodo definido por el responsable de la cookie, y que puede ir de unos minutos a varios a\u00f1os.<\/em><\/p>\n<p><strong><em><u>COOKIES EMPLEADAS EN www.las15arrobas.com<\/u><\/em><\/strong><\/p>\n<h2><em>\u00a0<\/em><\/h2>\n<table width=\"100%\">\n<tbody>\n<tr>\n<td width=\"30%\"><strong><em>NOMBRE COOKIE<\/em><\/strong><\/td>\n<td width=\"35%\"><strong><em>TIPO DE COOKIE<\/em><\/strong><\/td>\n<td width=\"16%\"><strong><em>CADUCIDAD<\/em><\/strong><\/td>\n<td width=\"17%\"><strong><em>DESCRIPCION<\/em><\/strong><\/td>\n<\/tr>\n<tr>\n<td width=\"30%\"><em>wordpress_test_cookie<\/em><\/td>\n<td width=\"35%\"><em>WORDPRESS<\/em><\/td>\n<td width=\"16%\"><em>Sesi\u00f3n<\/em><\/td>\n<td width=\"17%\"><em>Esta\u00a0cookie\u00a0se usa para que el gestor de contenidos WordPress compruebe si el navegador tiene las\u00a0cookies\u00a0activadas.<\/em><\/td>\n<\/tr>\n<tr>\n<td width=\"30%\"><em>wp-settings-1<\/em><\/td>\n<td width=\"35%\"><em>T\u00e9cnica<\/em><\/td>\n<td width=\"16%\"><em>Hasta 1 a\u00f1o<br \/>\n<\/em><\/td>\n<td width=\"17%\"><em>Esta\u00a0cookie\u00a0se utiliza para personalizar el interfaz de usuario.<\/em><\/td>\n<\/tr>\n<\/tbody>\n<\/table>\n<h2><\/h2>\n<h3><strong><em><u>B- GESTI\u00d3N DE COOKIES.<\/u><\/em><\/strong><\/h3>\n<h3><em>1.- <\/em><em>\u00bfPor qu\u00e9 debo permitir las cookies?<\/em><\/h3>\n<p><em>Al permitir las cookies, podr\u00e1s obtener una mejor experiencia en nuestro sitio web.<\/em><\/p>\n<p><em>Adem\u00e1s, hay algunas acciones b\u00e1sicas que requieren cookies (t\u00e9cnicas) y que permiten que la p\u00e1gina web pueda desarrollar sus funcionalidades <\/em><\/p>\n<h3><em>2.- \u00bfQu\u00e9 pasa si bloqueo las cookies?<\/em><\/h3>\n<p><em>Si decides bloquear las cookies, puede impedir el correcto funcionamiento de algunas caracter\u00edsticas de la web. Esto restringir\u00e1 lo que puedes hacer en la misma.<\/em><\/p>\n<p><em>\u00a0<\/em><\/p>\n<p><em>Si aceptas estas limitaciones y decides bloquear las cookies, por favor sigue las instrucciones para tu navegador en la siguiente secci\u00f3n.<\/em><\/p>\n<p><strong><em>3.- \u00bfC\u00f3mo puedo bloquear o permitir las cookies?<\/em><\/strong><\/p>\n<p><em>Usted puede permitir, conocer, bloquear o eliminar las cookies instaladas en su equipo mediante la configuraci\u00f3n de las opciones del navegador instalado en su ordenador.<\/em><\/p>\n<p><em>Puede encontrar informaci\u00f3n sobre c\u00f3mo hacerlo en el caso que use como navegador:<\/em><\/p>\n<p><em>Chrome, desde<\/em><\/p>\n<p><a href=\"http:\/\/support.google.com\/chrome\/bin\/answer.py?hl=es&amp;answer=95647\"><em>http:\/\/support.google.com\/chrome\/bin\/answer.py?hl=es&amp;answer=95647<\/em><\/a><\/p>\n<p><em>Explorer, desde <\/em><\/p>\n<p><a href=\"http:\/\/windows.microsoft.com\/es-es\/windows7\/how-to-manage-cookies-in-internet-explorer-9\"><em>http:\/\/windows.microsoft.com\/es-es\/windows7\/how-to-manage-cookies-in-internet-explorer-9<\/em><\/a><\/p>\n<p><em>Firefox, desde <\/em><\/p>\n<p><a href=\"https:\/\/support.mozilla.org\/es\/kb\/habilitar-y-deshabilitar-cookies-sitios-web-rastrear-preferencias\"><em>https:\/\/support.mozilla.org\/es\/kb\/habilitar-y-deshabilitar-cookies-sitios-web-rastrear-preferencias<\/em><\/a><\/p>\n<p><em>Safari, desde <\/em><\/p>\n<p><a href=\"http:\/\/support.apple.com\/kb\/ph5042\"><em>http:\/\/support.apple.com\/kb\/ph5042<\/em><\/a><\/p>\n<p><em>Opera, desde<\/em><\/p>\n<p><a href=\"http:\/\/www.opera.com\/help\/tutorials\/security\/privacy\/\"><em>http:\/\/www.opera.com\/help\/tutorials\/security\/privacy\/<\/em><\/a><\/p>\n<p><strong><em><u>PRIVACIDAD Y TRATAMIENTO DE DATOS<\/u><\/em><\/strong><\/p>\n<p><em>La EMPRESA trata sus datos de car\u00e1cter personal seg\u00fan los establecido en el Reglamento (UE) 2016\/679 del Parlamento Europeo y del Consejo, de 27 de abril de 2016, relativo a la protecci\u00f3n de las personas f\u00edsicas en lo que respecta al tratamiento de datos personales y a la libre circulaci\u00f3n de estos datos y por el que se deroga la Directiva 95\/46\/CE (Reglamento general de protecci\u00f3n de datos) y la LO 3\/2018. La informaci\u00f3n sobre sus datos de car\u00e1cter personal, seg\u00fan el art\u00edculo 13 de la secci\u00f3n 2 del citado reglamento y la LO 3\/2018, puede consultarla en este <\/em><em><a href=\"https:\/\/las15arrobas.com\/?page_id=431\">[LINK]<\/a>.<\/em><\/p>\n<p><strong><em><u>ACCESO A DATOS<\/u><\/em><\/strong><\/p>\n<p><em>\u00a0<\/em><\/p>\n<p><em>Las cookies de nuestro sitio web son utilizadas por: <\/em><\/p>\n<p><em>\u00a0<\/em><\/p>\n<ul>\n<li><em>El Titular de la p\u00e1gina MONTESIERRA, S.A<\/em><em>, con CIF A11604998 y domicilio social en Camino Montealegre bajo (finca Montesierra), s\/n &#8211; 11406 Jerez de la Frontera (C\u00e1diz).<\/em><\/li>\n<\/ul>\n","protected":false},"excerpt":{"rendered":"<p>DEFINICI\u00d3N DE COOKIES. Una cookie es un fichero que se descarga en su ordenador al acceder a determinadas p\u00e1ginas web. Las cookies permiten a una p\u00e1gina web, entre otras cosas, almacenar y recuperar informaci\u00f3n sobre los h\u00e1bitos de navegaci\u00f3n de un usuario o de su equipo y, dependiendo de la informaci\u00f3n que contengan y de [&hellip;]<\/p>\n","protected":false},"author":1,"featured_media":0,"parent":0,"menu_order":0,"comment_status":"open","ping_status":"open","template":"","meta":{"footnotes":""},"class_list":["post-433","page","type-page","status-publish","hentry"],"_links":{"self":[{"href":"https:\/\/las15arrobas.com\/index.php?rest_route=\/wp\/v2\/pages\/433","targetHints":{"allow":["GET"]}}],"collection":[{"href":"https:\/\/las15arrobas.com\/index.php?rest_route=\/wp\/v2\/pages"}],"about":[{"href":"https:\/\/las15arrobas.com\/index.php?rest_route=\/wp\/v2\/types\/page"}],"author":[{"embeddable":true,"href":"https:\/\/las15arrobas.com\/index.php?rest_route=\/wp\/v2\/users\/1"}],"replies":[{"embeddable":true,"href":"https:\/\/las15arrobas.com\/index.php?rest_route=%2Fwp%2Fv2%2Fcomments&post=433"}],"version-history":[{"count":3,"href":"https:\/\/las15arrobas.com\/index.php?rest_route=\/wp\/v2\/pages\/433\/revisions"}],"predecessor-version":[{"id":478,"href":"https:\/\/las15arrobas.com\/index.php?rest_route=\/wp\/v2\/pages\/433\/revisions\/478"}],"wp:attachment":[{"href":"https:\/\/las15arrobas.com\/index.php?rest_route=%2Fwp%2Fv2%2Fmedia&parent=433"}],"curies":[{"name":"wp","href":"https:\/\/api.w.org\/{rel}","templated":true}]}}